{"id":17,"date":"2025-05-19T12:30:38","date_gmt":"2025-05-19T12:30:38","guid":{"rendered":"http:\/\/localhost\/tomas\/?page_id=17"},"modified":"2025-11-18T14:59:39","modified_gmt":"2025-11-18T14:59:39","slug":"team","status":"publish","type":"page","link":"https:\/\/www.kebek.be\/fr\/team\/","title":{"rendered":"\u00c9quipe"},"content":{"rendered":"<div data-elementor-type=\"wp-page\" data-elementor-id=\"17\" class=\"elementor elementor-17\">\n\t\t\t\t<div class=\"elementor-element elementor-element-29045df e-flex e-con-boxed elementor-invisible e-con e-parent\" data-id=\"29045df\" data-element_type=\"container\" data-e-type=\"container\" data-settings=\"{&quot;animation&quot;:&quot;fadeIn&quot;}\">\n\t\t\t\t\t<div class=\"e-con-inner\">\n\t\t\t\t<div class=\"elementor-element elementor-element-54d5221 elementor-widget elementor-widget-heading\" data-id=\"54d5221\" data-element_type=\"widget\" data-e-type=\"widget\" data-widget_type=\"heading.default\">\n\t\t\t\t<div class=\"elementor-widget-container\">\n\t\t\t\t\t<h3 class=\"elementor-heading-title elementor-size-default\">\u00c9quipe<\/h3>\t\t\t\t<\/div>\n\t\t\t\t<\/div>\n\t\t\t\t<div class=\"elementor-element elementor-element-a33c51b elementor-widget elementor-widget-text-editor\" data-id=\"a33c51b\" data-element_type=\"widget\" data-e-type=\"widget\" data-widget_type=\"text-editor.default\">\n\t\t\t\t<div class=\"elementor-widget-container\">\n\t\t\t\t\t\t\t\t\t<p>Notre \u00e9quipe est exp\u00e9riment\u00e9e, stable et compl\u00e9mentaire, car elle collabore sans faille depuis plus de 20 ans. Ensemble, nous apportons une grande expertise et des r\u00e9sultats probants, garantissant un soutien fiable et efficace \u00e0 nos partenaires.<\/p>\t\t\t\t\t\t\t\t<\/div>\n\t\t\t\t<\/div>\n\t\t<div class=\"elementor-element elementor-element-1cda7a3 e-con-full e-flex e-con e-child\" data-id=\"1cda7a3\" data-element_type=\"container\" data-e-type=\"container\">\n\t\t\t\t<div class=\"elementor-element elementor-element-c156938 elementor-widget elementor-widget-shortcode\" data-id=\"c156938\" data-element_type=\"widget\" data-e-type=\"widget\" data-widget_type=\"shortcode.default\">\n\t\t\t\t<div class=\"elementor-widget-container\">\n\t\t\t\t\t\t\t<div class=\"elementor-shortcode\"><div class=\"team-grid-cards\">\n    <div class=\"team-profile-card\">\n      <a href=\"https:\/\/www.kebek.be\/fr\/team\/gert-van-huffel\/\" class=\"team-card-link\">\n\t\t      <div class=\"card-image\">\n        <img loading=\"lazy\" decoding=\"async\" width=\"600\" height=\"750\" src=\"https:\/\/www.kebek.be\/wp-content\/uploads\/2025\/06\/20250610_KeBeK_WEB_\u00a9Jeroen-Willems_109-e1765455196733-600x750.jpg\" class=\"attachment-kebek-team-card size-kebek-team-card\" alt=\"Gert Van Huffel\" style=\"object-position: 50% 7%;\" \/>      <\/div>\n    <\/a>\n      <div class=\"card-body\">\n\t\t<a href=\"https:\/\/www.kebek.be\/fr\/team\/gert-van-huffel\/\" class=\"team-card-link\">\n\t\t\t<h4>Gert Van Huffel<\/h4>\n\t\t\t<p class=\"role\">Managing Partner<\/p>\n\t\t<\/a>\n        <div class=\"team-social\" style=\"display:none;\">\n                    <a href=\"http:\/\/gert.vanhuffel@kebek.be\" target=\"_blank\"><i class=\"fab fa-google-plus-g\"><\/i><\/a>          <a href=\"https:\/\/www.linkedin.com\/in\/gert-van-huffel-4725596\/\" target=\"_blank\"><i class=\"fab fa-linkedin-in\"><\/i><\/a>        <\/div>\n      <\/div>\n    <\/div>\n\n  \n    <div class=\"team-profile-card\">\n      <a href=\"https:\/\/www.kebek.be\/fr\/team\/ast-verbiest\/\" class=\"team-card-link\">\n\t\t      <div class=\"card-image\">\n        <img loading=\"lazy\" decoding=\"async\" width=\"600\" height=\"750\" src=\"https:\/\/www.kebek.be\/wp-content\/uploads\/2025\/06\/20250610_KeBeK_\u00a9Jeroen-Willems_121-e1760695453353-600x750.jpg\" class=\"attachment-kebek-team-card size-kebek-team-card\" alt=\"Ast Verbiest\" style=\"object-position: 50% 5%;\" \/>      <\/div>\n    <\/a>\n      <div class=\"card-body\">\n\t\t<a href=\"https:\/\/www.kebek.be\/fr\/team\/ast-verbiest\/\" class=\"team-card-link\">\n\t\t\t<h4>Ast Verbiest<\/h4>\n\t\t\t<p class=\"role\">Partner<\/p>\n\t\t<\/a>\n        <div class=\"team-social\" style=\"display:none;\">\n                    <a href=\"http:\/\/ast.verbiest@kebek.be\" target=\"_blank\"><i class=\"fab fa-google-plus-g\"><\/i><\/a>          <a href=\"https:\/\/www.linkedin.com\/in\/ast-verbiest-2589b0\/\" target=\"_blank\"><i class=\"fab fa-linkedin-in\"><\/i><\/a>        <\/div>\n      <\/div>\n    <\/div>\n\n  \n    <div class=\"team-profile-card\">\n      <a href=\"https:\/\/www.kebek.be\/fr\/team\/gerd-smeets\/\" class=\"team-card-link\">\n\t\t      <div class=\"card-image\">\n        <img loading=\"lazy\" decoding=\"async\" width=\"600\" height=\"750\" src=\"https:\/\/www.kebek.be\/wp-content\/uploads\/2025\/06\/20250610_KeBeK_\u00a9Jeroen-Willems_117-e1760695312452-600x750.jpg\" class=\"attachment-kebek-team-card size-kebek-team-card\" alt=\"Gerd Smeets\" style=\"object-position: 50% 0%;\" \/>      <\/div>\n    <\/a>\n      <div class=\"card-body\">\n\t\t<a href=\"https:\/\/www.kebek.be\/fr\/team\/gerd-smeets\/\" class=\"team-card-link\">\n\t\t\t<h4>Gerd Smeets<\/h4>\n\t\t\t<p class=\"role\">Partner<\/p>\n\t\t<\/a>\n        <div class=\"team-social\" style=\"display:none;\">\n                    <a href=\"http:\/\/gerd.smeets@kebek.be\" target=\"_blank\"><i class=\"fab fa-google-plus-g\"><\/i><\/a>          <a href=\"https:\/\/www.linkedin.com\/in\/gerd-smeets-a11123\/\" target=\"_blank\"><i class=\"fab fa-linkedin-in\"><\/i><\/a>        <\/div>\n      <\/div>\n    <\/div>\n\n  \n    <div class=\"team-profile-card\">\n      <a href=\"https:\/\/www.kebek.be\/fr\/team\/edouard-verhoustraeten\/\" class=\"team-card-link\">\n\t\t      <div class=\"card-image\">\n        <img loading=\"lazy\" decoding=\"async\" width=\"600\" height=\"750\" src=\"https:\/\/www.kebek.be\/wp-content\/uploads\/2025\/06\/20250610_KeBeK_WEB_\u00a9Jeroen-Willems_114-e1760695407353-600x750.jpg\" class=\"attachment-kebek-team-card size-kebek-team-card\" alt=\"Edouard Verhoustraeten\" style=\"object-position: 50% 0%;\" \/>      <\/div>\n    <\/a>\n      <div class=\"card-body\">\n\t\t<a href=\"https:\/\/www.kebek.be\/fr\/team\/edouard-verhoustraeten\/\" class=\"team-card-link\">\n\t\t\t<h4>Edouard Verhoustraeten<\/h4>\n\t\t\t<p class=\"role\">Investment Director<\/p>\n\t\t<\/a>\n        <div class=\"team-social\" style=\"display:none;\">\n                    <a href=\"http:\/\/edouard.verhoestraeten@kebek.be\" target=\"_blank\"><i class=\"fab fa-google-plus-g\"><\/i><\/a>          <a href=\"https:\/\/www.linkedin.com\/in\/edouard-verhoustraeten\/\" target=\"_blank\"><i class=\"fab fa-linkedin-in\"><\/i><\/a>        <\/div>\n      <\/div>\n    <\/div>\n\n  \n    <div class=\"team-profile-card\">\n      <a href=\"https:\/\/www.kebek.be\/fr\/team\/floris-vansina\/\" class=\"team-card-link\">\n\t\t      <div class=\"card-image\">\n        <img loading=\"lazy\" decoding=\"async\" width=\"500\" height=\"750\" src=\"https:\/\/www.kebek.be\/wp-content\/uploads\/2025\/06\/20250610_KeBeK_WEB_\u00a9Jeroen-Willems_106.jpg\" class=\"attachment-kebek-team-card size-kebek-team-card\" alt=\"Floris Vansina\" srcset=\"https:\/\/www.kebek.be\/wp-content\/uploads\/2025\/06\/20250610_KeBeK_WEB_\u00a9Jeroen-Willems_106.jpg 1067w, https:\/\/www.kebek.be\/wp-content\/uploads\/2025\/06\/20250610_KeBeK_WEB_\u00a9Jeroen-Willems_106-200x300.jpg 200w, https:\/\/www.kebek.be\/wp-content\/uploads\/2025\/06\/20250610_KeBeK_WEB_\u00a9Jeroen-Willems_106-683x1024.jpg 683w, https:\/\/www.kebek.be\/wp-content\/uploads\/2025\/06\/20250610_KeBeK_WEB_\u00a9Jeroen-Willems_106-768x1152.jpg 768w, https:\/\/www.kebek.be\/wp-content\/uploads\/2025\/06\/20250610_KeBeK_WEB_\u00a9Jeroen-Willems_106-1024x1536.jpg 1024w, https:\/\/www.kebek.be\/wp-content\/uploads\/2025\/06\/20250610_KeBeK_WEB_\u00a9Jeroen-Willems_106-8x12.webp 8w\" sizes=\"auto, (max-width: 500px) 100vw, 500px\" style=\"object-position: 50% 4%;\" \/>      <\/div>\n    <\/a>\n      <div class=\"card-body\">\n\t\t<a href=\"https:\/\/www.kebek.be\/fr\/team\/floris-vansina\/\" class=\"team-card-link\">\n\t\t\t<h4>Floris Vansina<\/h4>\n\t\t\t<p class=\"role\">Managing Partner<\/p>\n\t\t<\/a>\n        <div class=\"team-social\" style=\"display:none;\">\n                    <a href=\"http:\/\/floris.vansina@kebek.be\" target=\"_blank\"><i class=\"fab fa-google-plus-g\"><\/i><\/a>          <a href=\"https:\/\/www.linkedin.com\/in\/floris-vansina-a58842251\/?originalSubdomain=be\" target=\"_blank\"><i class=\"fab fa-linkedin-in\"><\/i><\/a>        <\/div>\n      <\/div>\n    <\/div>\n\n  <\/div><\/div>\n\t\t\t\t\t\t<\/div>\n\t\t\t\t<\/div>\n\t\t\t\t<\/div>\n\t\t\t\t\t<\/div>\n\t\t\t\t<\/div>\n\t\t<div class=\"elementor-element elementor-element-75b6247 e-flex e-con-boxed elementor-invisible e-con e-parent\" data-id=\"75b6247\" data-element_type=\"container\" data-e-type=\"container\" data-settings=\"{&quot;animation&quot;:&quot;fadeIn&quot;}\">\n\t\t\t\t\t<div class=\"e-con-inner\">\n\t\t\t\t<div class=\"elementor-element elementor-element-a677b82 elementor-widget elementor-widget-heading\" data-id=\"a677b82\" data-element_type=\"widget\" data-e-type=\"widget\" data-widget_type=\"heading.default\">\n\t\t\t\t<div class=\"elementor-widget-container\">\n\t\t\t\t\t<h3 class=\"elementor-heading-title elementor-size-default\">Une histoire unique dans le domaine des investissements en private equity, des fonds et des strat\u00e9gies de cr\u00e9ation de valeur pour les PME du Benelux<\/h3>\t\t\t\t<\/div>\n\t\t\t\t<\/div>\n\t\t\t\t<div class=\"elementor-element elementor-element-56145d0 elementor-widget elementor-widget-timeline-widget-addon\" data-id=\"56145d0\" data-element_type=\"widget\" data-e-type=\"widget\" data-widget_type=\"timeline-widget-addon.default\">\n\t\t\t\t<div class=\"elementor-widget-container\">\n\t\t\t\t\t<!-- ========= Timeline Widget Addon For Elementor 1.6.24 ========= -->\n<div id=\"twae-wrapper-56145d0\" class=\"twae-vertical twae-wrapper  twae-both-sided\">   \n    <div class=\"twae-start\"><\/div>    \n    <div id=\"twea-timeline-56145d0\" class=\"twae-timeline\" ><!-- Start of Story Repeater Content --><div id=\"story-d71d7ff\" class=\"twae-story twae-repeater-item twae-story-right twae-story-no-icon\"><!-- Story Label --><div class=\"twae-labels\"><div class=\"twae-label-big\">2012<\/div><\/div><!-- Story Icon Dot --><div class=\"twae-icondot\"><\/div><!-- Story Arrow --><div class=\"twae-arrow\"><\/div><!-- Start of Story Content --><div class=\"twae-content\"><!-- Story Description --><div class=\"twae-description\"><p>KeBeK Private Equity est fond\u00e9 par ses 4 Partners<\/p><\/div><\/div><\/div><!-- Start of Story Repeater Content --><div id=\"story-dd9146f\" class=\"twae-story twae-repeater-item twae-story-left twae-story-no-icon\"><!-- Story Label --><div class=\"twae-labels\"><div class=\"twae-label-big\">2013<\/div><\/div><!-- Story Icon Dot --><div class=\"twae-icondot\"><\/div><!-- Story Arrow --><div class=\"twae-arrow\"><\/div><!-- Start of Story Content --><div class=\"twae-content\"><!-- Story Title --><div class=\"twae-title\">Fonds KeBeK I<\/div><!-- Story Description --><div class=\"twae-description\"><p>62 millions d'euros de capital engag\u00e9<\/p><\/div><\/div><\/div><!-- Start of Story Repeater Content --><div id=\"story-eb32a8b\" class=\"twae-story twae-repeater-item twae-story-right twae-story-no-icon\"><!-- Story Label --><div class=\"twae-labels\"><div class=\"twae-label-big\">2014<\/div><\/div><!-- Story Icon Dot --><div class=\"twae-icondot\"><\/div><!-- Story Arrow --><div class=\"twae-arrow\"><\/div><!-- Start of Story Content --><div class=\"twae-content\"><!-- Story Description --><div class=\"twae-description\"><p>D\u00e9m\u00e9nagement dans le nouveau bureau de Bruxelles<\/p><\/div><\/div><\/div><!-- Start of Story Repeater Content --><div id=\"story-39fd339\" class=\"twae-story twae-repeater-item twae-story-left twae-story-no-icon\"><!-- Story Label --><div class=\"twae-labels\"><div class=\"twae-label-big\">2015<\/div><\/div><!-- Story Icon Dot --><div class=\"twae-icondot\"><\/div><!-- Story Arrow --><div class=\"twae-arrow\"><\/div><!-- Start of Story Content --><div class=\"twae-content\"><!-- Story Title --><div class=\"twae-title\">Fonds KeBeK II<\/div><!-- Story Description --><div class=\"twae-description\"><p>50 millions d'euros de capital engag\u00e9<\/p><\/div><\/div><\/div><!-- Start of Story Repeater Content --><div id=\"story-541918c\" class=\"twae-story twae-repeater-item twae-story-right twae-story-no-icon\"><!-- Story Label --><div class=\"twae-labels\"><div class=\"twae-label-big\">2019<\/div><\/div><!-- Story Icon Dot --><div class=\"twae-icondot\"><\/div><!-- Story Arrow --><div class=\"twae-arrow\"><\/div><!-- Start of Story Content --><div class=\"twae-content\"><!-- Story Title --><div class=\"twae-title\">Fonds KeBeK IIl<\/div><!-- Story Description --><div class=\"twae-description\"><p>75 millions d'euros de capital engag\u00e9<\/p><\/div><\/div><\/div><!-- Start of Story Repeater Content --><div id=\"story-83a85dc\" class=\"twae-story twae-repeater-item twae-story-left twae-story-no-icon\"><!-- Story Label --><div class=\"twae-labels\"><div class=\"twae-label-big\">2024<\/div><\/div><!-- Story Icon Dot --><div class=\"twae-icondot\"><\/div><!-- Story Arrow --><div class=\"twae-arrow\"><\/div><!-- Start of Story Content --><div class=\"twae-content\"><!-- Story Title --><div class=\"twae-title\">Fonds KeBeK IV<\/div><!-- Story Description --><div class=\"twae-description\"><p>Taille cible de 75 millions d'euros de capital<\/p><\/div><\/div><\/div><!-- Start of Story Repeater Content --><div id=\"story-a124e8c\" class=\"twae-story twae-repeater-item twae-story-right twae-story-no-icon\"><!-- Story Label --><div class=\"twae-labels\"><div class=\"twae-label-big\">2024<\/div><\/div><!-- Story Icon Dot --><div class=\"twae-icondot\"><\/div><!-- Story Arrow --><div class=\"twae-arrow\"><\/div><!-- Start of Story Content --><div class=\"twae-content\"><!-- Story Description --><div class=\"twae-description\"><p>Edouard Verhoustraeten, Investment Director, vient renforcer l'\u00e9quipe.<\/p><\/div><\/div><\/div><\/div>\n    <div class=\"twae-end\"><\/div>\n    <\/div><style type=\"text\/css\">@media (max-width: 1024px){ .twae-wrapper{--tw-ybx-size: 80px !important;}}@media (max-width: 767px){ .twae-wrapper{--tw-ybx-size: 80px !important}}<\/style>\t\t\t\t<\/div>\n\t\t\t\t<\/div>\n\t\t\t\t\t<\/div>\n\t\t\t\t<\/div>\n\t\t\t\t<\/div>","protected":false},"excerpt":{"rendered":"<p>Team Our team is experienced, stable, and complementary, having collaborated seamlessly for nearly 20 years. Together, we bring a wealth of expertise and a proven track record of success, ensuring reliable and effective support for our partners. A unique story [&hellip;]<\/p>\n","protected":false},"author":2,"featured_media":0,"parent":0,"menu_order":0,"comment_status":"closed","ping_status":"closed","template":"elementor_header_footer","meta":{"_acf_changed":false,"_eb_attr":"","loftloader_page_shortcode":"","site-sidebar-layout":"no-sidebar","site-content-layout":"","ast-site-content-layout":"full-width-container","site-content-style":"default","site-sidebar-style":"default","ast-global-header-display":"","ast-banner-title-visibility":"","ast-main-header-display":"","ast-hfb-above-header-display":"","ast-hfb-below-header-display":"","ast-hfb-mobile-header-display":"","site-post-title":"disabled","ast-breadcrumbs-content":"","ast-featured-img":"disabled","footer-sml-layout":"","theme-transparent-header-meta":"","adv-header-id-meta":"","stick-header-meta":"","header-above-stick-meta":"","header-main-stick-meta":"","header-below-stick-meta":"","astra-migrate-meta-layouts":"default","ast-page-background-enabled":"default","ast-page-background-meta":{"desktop":{"background-color":"var(--ast-global-color-5)","background-image":"","background-repeat":"repeat","background-position":"center center","background-size":"auto","background-attachment":"scroll","background-type":"","background-media":"","overlay-type":"","overlay-color":"","overlay-opacity":"","overlay-gradient":""},"tablet":{"background-color":"","background-image":"","background-repeat":"repeat","background-position":"center center","background-size":"auto","background-attachment":"scroll","background-type":"","background-media":"","overlay-type":"","overlay-color":"","overlay-opacity":"","overlay-gradient":""},"mobile":{"background-color":"","background-image":"","background-repeat":"repeat","background-position":"center center","background-size":"auto","background-attachment":"scroll","background-type":"","background-media":"","overlay-type":"","overlay-color":"","overlay-opacity":"","overlay-gradient":""}},"ast-content-background-meta":{"desktop":{"background-color":"var(--ast-global-color-4)","background-image":"","background-repeat":"repeat","background-position":"center center","background-size":"auto","background-attachment":"scroll","background-type":"","background-media":"","overlay-type":"","overlay-color":"","overlay-opacity":"","overlay-gradient":""},"tablet":{"background-color":"var(--ast-global-color-4)","background-image":"","background-repeat":"repeat","background-position":"center center","background-size":"auto","background-attachment":"scroll","background-type":"","background-media":"","overlay-type":"","overlay-color":"","overlay-opacity":"","overlay-gradient":""},"mobile":{"background-color":"var(--ast-global-color-4)","background-image":"","background-repeat":"repeat","background-position":"center center","background-size":"auto","background-attachment":"scroll","background-type":"","background-media":"","overlay-type":"","overlay-color":"","overlay-opacity":"","overlay-gradient":""}},"footnotes":""},"class_list":["post-17","page","type-page","status-publish","hentry"],"acf":[],"_links":{"self":[{"href":"https:\/\/www.kebek.be\/fr\/wp-json\/wp\/v2\/pages\/17","targetHints":{"allow":["GET"]}}],"collection":[{"href":"https:\/\/www.kebek.be\/fr\/wp-json\/wp\/v2\/pages"}],"about":[{"href":"https:\/\/www.kebek.be\/fr\/wp-json\/wp\/v2\/types\/page"}],"author":[{"embeddable":true,"href":"https:\/\/www.kebek.be\/fr\/wp-json\/wp\/v2\/users\/2"}],"replies":[{"embeddable":true,"href":"https:\/\/www.kebek.be\/fr\/wp-json\/wp\/v2\/comments?post=17"}],"version-history":[{"count":85,"href":"https:\/\/www.kebek.be\/fr\/wp-json\/wp\/v2\/pages\/17\/revisions"}],"predecessor-version":[{"id":1922,"href":"https:\/\/www.kebek.be\/fr\/wp-json\/wp\/v2\/pages\/17\/revisions\/1922"}],"wp:attachment":[{"href":"https:\/\/www.kebek.be\/fr\/wp-json\/wp\/v2\/media?parent=17"}],"curies":[{"name":"wp","href":"https:\/\/api.w.org\/{rel}","templated":true}]}}