{"id":21,"date":"2025-05-19T12:31:21","date_gmt":"2025-05-19T12:31:21","guid":{"rendered":"http:\/\/localhost\/tomas\/?page_id=21"},"modified":"2025-11-18T14:32:52","modified_gmt":"2025-11-18T14:32:52","slug":"esg","status":"publish","type":"page","link":"https:\/\/www.kebek.be\/fr\/esg\/","title":{"rendered":"ESG"},"content":{"rendered":"<div data-elementor-type=\"wp-page\" data-elementor-id=\"21\" class=\"elementor elementor-21\">\n\t\t\t\t<div class=\"elementor-element elementor-element-3c959f3 e-flex e-con-boxed e-con e-parent\" data-id=\"3c959f3\" data-element_type=\"container\" data-e-type=\"container\">\n\t\t\t\t\t<div class=\"e-con-inner\">\n\t\t<div class=\"elementor-element elementor-element-428225c e-con-full e-flex e-con e-child\" data-id=\"428225c\" data-element_type=\"container\" data-e-type=\"container\">\n\t\t\t\t<div class=\"elementor-element elementor-element-28f496a elementor-widget elementor-widget-image\" data-id=\"28f496a\" data-element_type=\"widget\" data-e-type=\"widget\" data-widget_type=\"image.default\">\n\t\t\t\t<div class=\"elementor-widget-container\">\n\t\t\t\t\t\t\t\t\t\t\t\t\t\t\t<img fetchpriority=\"high\" decoding=\"async\" width=\"1024\" height=\"768\" src=\"https:\/\/www.kebek.be\/wp-content\/uploads\/2025\/10\/windmills-1024x768.jpg\" class=\"attachment-large size-large wp-image-1004\" alt=\"\" srcset=\"https:\/\/www.kebek.be\/wp-content\/uploads\/2025\/10\/windmills-1024x768.jpg 1024w, https:\/\/www.kebek.be\/wp-content\/uploads\/2025\/10\/windmills-300x225.jpg 300w, https:\/\/www.kebek.be\/wp-content\/uploads\/2025\/10\/windmills-768x576.jpg 768w, https:\/\/www.kebek.be\/wp-content\/uploads\/2025\/10\/windmills-1536x1152.jpg 1536w, https:\/\/www.kebek.be\/wp-content\/uploads\/2025\/10\/windmills-2048x1536.jpg 2048w, https:\/\/www.kebek.be\/wp-content\/uploads\/2025\/10\/windmills-16x12.jpg 16w\" sizes=\"(max-width: 1024px) 100vw, 1024px\" \/>\t\t\t\t\t\t\t\t\t\t\t\t\t\t\t<\/div>\n\t\t\t\t<\/div>\n\t\t\t\t<\/div>\n\t\t<div class=\"elementor-element elementor-element-eedf5b0 e-con-full e-flex e-con e-child\" data-id=\"eedf5b0\" data-element_type=\"container\" data-e-type=\"container\">\n\t\t\t\t<div class=\"elementor-element elementor-element-65c0e94 elementor-widget elementor-widget-heading\" data-id=\"65c0e94\" data-element_type=\"widget\" data-e-type=\"widget\" data-widget_type=\"heading.default\">\n\t\t\t\t<div class=\"elementor-widget-container\">\n\t\t\t\t\t<h3 class=\"elementor-heading-title elementor-size-default\">Politique ESG<\/h3>\t\t\t\t<\/div>\n\t\t\t\t<\/div>\n\t\t\t\t<div class=\"elementor-element elementor-element-bc6d066 elementor-widget elementor-widget-text-editor\" data-id=\"bc6d066\" data-element_type=\"widget\" data-e-type=\"widget\" data-widget_type=\"text-editor.default\">\n\t\t\t\t<div class=\"elementor-widget-container\">\n\t\t\t\t\t\t\t\t\t<p>KeBeK applique une politique ESG pragmatique, pleinement int\u00e9gr\u00e9e au processus d'investissement et adapt\u00e9e aux caract\u00e9ristiques sp\u00e9cifiques de chaque entreprise du portefeuille, notamment sa taille, son secteur et son stade de d\u00e9veloppement.<\/p><p><span style=\"font-style: inherit; font-weight: inherit;\">Tout au long du cycle de vie de l'investissement - de la s\u00e9lection et de la diligence raisonnable \u00e0 la propri\u00e9t\u00e9 et \u00e0 la sortie - KeBeK :<\/span><\/p><ul><li><span style=\"font-style: inherit; font-weight: inherit;\">Applique une politique d'exclusion claire<\/span><\/li><li>Int\u00e8gre des consid\u00e9rations ESG dans ses \u00e9valuations d'investissement<\/li><li>Travaille activement avec les \u00e9quipes de direction pour accro\u00eetre la sensibilisation et les performances en mati\u00e8re d'ESG<\/li><\/ul>\t\t\t\t\t\t\t\t<\/div>\n\t\t\t\t<\/div>\n\t\t\t\t<\/div>\n\t\t\t\t\t<\/div>\n\t\t\t\t<\/div>\n\t\t<div class=\"elementor-element elementor-element-53dc9c9 e-flex e-con-boxed e-con e-parent\" data-id=\"53dc9c9\" data-element_type=\"container\" data-e-type=\"container\">\n\t\t\t\t\t<div class=\"e-con-inner\">\n\t\t\t\t<div class=\"elementor-element elementor-element-ad2e5a4 elementor-widget elementor-widget-heading\" data-id=\"ad2e5a4\" data-element_type=\"widget\" data-e-type=\"widget\" data-widget_type=\"heading.default\">\n\t\t\t\t<div class=\"elementor-widget-container\">\n\t\t\t\t\t<h4 class=\"elementor-heading-title elementor-size-default\">Les principes de KeBeK en mati\u00e8re d'ESG<\/h4>\t\t\t\t<\/div>\n\t\t\t\t<\/div>\n\t\t\t\t\t<\/div>\n\t\t\t\t<\/div>\n\t\t<div class=\"elementor-element elementor-element-549fe9f e-flex e-con-boxed e-con e-parent\" data-id=\"549fe9f\" data-element_type=\"container\" data-e-type=\"container\">\n\t\t\t\t\t<div class=\"e-con-inner\">\n\t\t<div class=\"elementor-element elementor-element-f107666 e-con-full e-flex e-con e-child\" data-id=\"f107666\" data-element_type=\"container\" data-e-type=\"container\">\n\t\t\t\t<div class=\"elementor-element elementor-element-9453e7d ekit-equal-height-enable elementor-widget elementor-widget-elementskit-icon-box\" data-id=\"9453e7d\" data-element_type=\"widget\" data-e-type=\"widget\" data-widget_type=\"elementskit-icon-box.default\">\n\t\t\t\t<div class=\"elementor-widget-container\">\n\t\t\t\t\t<div class=\"ekit-wid-con\" >        <!-- link opening -->\n                <!-- end link opening -->\n\n        <div class=\"elementskit-infobox text-left text-left icon-top-align elementor-animation-\">\n                    <div class=\"elementskit-box-header elementor-animation-\">\n                <div class=\"elementskit-info-box-icon\">\n                    <i aria-hidden=\"true\" class=\"elementkit-infobox-icon icon icon-leaf\"><\/i>\n                <\/div>\n          <\/div>\n                        <div class=\"box-body\">\n                            <h4 class=\"elementskit-info-box-title\">\n                    Environnement                <\/h4>\n                        \t\t  \t<p>Nous aidons les entreprises de notre portefeuille \u00e0 mettre en \u0153uvre des normes environnementales \u00e9lev\u00e9es. Les domaines cl\u00e9s comprennent l'efficacit\u00e9 \u00e9nerg\u00e9tique, la gestion des d\u00e9chets et l'utilisation durable des ressources, l'ESG \u00e9tant int\u00e9gr\u00e9 dans les d\u00e9cisions commerciales de base.<\/p>\n                                <\/div>\n        \n        \n                <\/div>\n        <\/div>\t\t\t\t<\/div>\n\t\t\t\t<\/div>\n\t\t\t\t<\/div>\n\t\t<div class=\"elementor-element elementor-element-f15af4a e-con-full e-flex e-con e-child\" data-id=\"f15af4a\" data-element_type=\"container\" data-e-type=\"container\">\n\t\t\t\t<div class=\"elementor-element elementor-element-919a30e ekit-equal-height-enable elementor-widget elementor-widget-elementskit-icon-box\" data-id=\"919a30e\" data-element_type=\"widget\" data-e-type=\"widget\" data-widget_type=\"elementskit-icon-box.default\">\n\t\t\t\t<div class=\"elementor-widget-container\">\n\t\t\t\t\t<div class=\"ekit-wid-con\" >        <!-- link opening -->\n                <!-- end link opening -->\n\n        <div class=\"elementskit-infobox text-left text-left icon-top-align elementor-animation-\">\n                    <div class=\"elementskit-box-header elementor-animation-\">\n                <div class=\"elementskit-info-box-icon\">\n                    <i aria-hidden=\"true\" class=\"elementkit-infobox-icon icon icon-team1\"><\/i>\n                <\/div>\n          <\/div>\n                        <div class=\"box-body\">\n                            <h4 class=\"elementskit-info-box-title\">\n                    Social                <\/h4>\n                        \t\t  \t<p>Nous favorisons des lieux de travail s\u00fbrs et inclusifs et encourageons le d\u00e9veloppement professionnel. Nous valorisons les structures de r\u00e9mun\u00e9ration qui alignent les int\u00e9r\u00eats \u00e0 long terme des propri\u00e9taires, de la direction et des employ\u00e9s, tout en reconnaissant l'importance des communaut\u00e9s locales.<\/p>\n                                <\/div>\n        \n        \n                <\/div>\n        <\/div>\t\t\t\t<\/div>\n\t\t\t\t<\/div>\n\t\t\t\t<\/div>\n\t\t<div class=\"elementor-element elementor-element-5f64b2c e-con-full e-flex e-con e-child\" data-id=\"5f64b2c\" data-element_type=\"container\" data-e-type=\"container\">\n\t\t\t\t<div class=\"elementor-element elementor-element-42ef195 ekit-equal-height-enable elementor-widget elementor-widget-elementskit-icon-box\" data-id=\"42ef195\" data-element_type=\"widget\" data-e-type=\"widget\" data-widget_type=\"elementskit-icon-box.default\">\n\t\t\t\t<div class=\"elementor-widget-container\">\n\t\t\t\t\t<div class=\"ekit-wid-con\" >        <!-- link opening -->\n                <!-- end link opening -->\n\n        <div class=\"elementskit-infobox text-left text-left icon-top-align elementor-animation-\">\n                    <div class=\"elementskit-box-header elementor-animation-\">\n                <div class=\"elementskit-info-box-icon\">\n                    <i aria-hidden=\"true\" class=\"elementkit-infobox-icon icon icon-consult\"><\/i>\n                <\/div>\n          <\/div>\n                        <div class=\"box-body\">\n                            <h4 class=\"elementskit-info-box-title\">\n                    Gouvernance                <\/h4>\n                        \t\t  \t<p>Nous mettons en place des cadres de gouvernance solides dans les entreprises de notre portefeuille afin de garantir la transparence des op\u00e9rations et le respect des lois et des r\u00e9glementations. KeBeK maintient une communication ouverte avec ses investisseurs et met l'accent sur des pratiques de gestion responsables \u00e0 tous les niveaux.<\/p>\n                                <\/div>\n        \n        \n                <\/div>\n        <\/div>\t\t\t\t<\/div>\n\t\t\t\t<\/div>\n\t\t\t\t<\/div>\n\t\t\t\t\t<\/div>\n\t\t\t\t<\/div>\n\t\t<div class=\"elementor-element elementor-element-b7ade6b e-flex e-con-boxed e-con e-parent\" data-id=\"b7ade6b\" data-element_type=\"container\" data-e-type=\"container\">\n\t\t\t\t\t<div class=\"e-con-inner\">\n\t\t\t\t<div class=\"elementor-element elementor-element-a1bf2eb elementor-widget elementor-widget-heading\" data-id=\"a1bf2eb\" data-element_type=\"widget\" data-e-type=\"widget\" data-widget_type=\"heading.default\">\n\t\t\t\t<div class=\"elementor-widget-container\">\n\t\t\t\t\t<h4 class=\"elementor-heading-title elementor-size-default\">KeBeK IV<\/h4>\t\t\t\t<\/div>\n\t\t\t\t<\/div>\n\t\t\t\t<div class=\"elementor-element elementor-element-c7594f8 elementor-widget elementor-widget-text-editor\" data-id=\"c7594f8\" data-element_type=\"widget\" data-e-type=\"widget\" data-widget_type=\"text-editor.default\">\n\t\t\t\t<div class=\"elementor-widget-container\">\n\t\t\t\t\t\t\t\t\t<p><strong>KeBeK IV<\/strong> promeut des caract\u00e9ristiques environnementales et\/ou sociales au sens de l'article 8 du r\u00e8glement (UE) 2019\/2088 du Parlement europ\u00e9en et du Conseil du 27 novembre 2019 relatif aux informations \u00e0 fournir en mati\u00e8re de durabilit\u00e9 dans le secteur des services financiers (SFDR), mais n'aura pas pour objectif l'investissement durable au sens de l'article 9 du SFDR.<\/p><p>Pour plus d'informations sur la politique ESG appliqu\u00e9e par KeBeK IV, veuillez cliquer sur le lien suivant <a href=\"\/wp-content\/uploads\/2025\/10\/KeBeK-IV-ESG.pdf\" target=\"_blank\" rel=\"noopener\">cliquez ici<\/a>.<\/p>\t\t\t\t\t\t\t\t<\/div>\n\t\t\t\t<\/div>\n\t\t\t\t\t<\/div>\n\t\t\t\t<\/div>\n\t\t\t\t<\/div>","protected":false},"excerpt":{"rendered":"<p>ESG policy KeBeK applies a pragmatic ESG policy that is fully integrated into the investment process and tailored to the specific characteristics of each portfolio company, including its size, sector, and stage of development. Throughout the investment lifecycle &#8211; from [&hellip;]<\/p>\n","protected":false},"author":2,"featured_media":0,"parent":0,"menu_order":0,"comment_status":"closed","ping_status":"closed","template":"elementor_header_footer","meta":{"_acf_changed":false,"_eb_attr":"","loftloader_page_shortcode":"","site-sidebar-layout":"no-sidebar","site-content-layout":"","ast-site-content-layout":"full-width-container","site-content-style":"default","site-sidebar-style":"default","ast-global-header-display":"","ast-banner-title-visibility":"","ast-main-header-display":"","ast-hfb-above-header-display":"","ast-hfb-below-header-display":"","ast-hfb-mobile-header-display":"","site-post-title":"disabled","ast-breadcrumbs-content":"","ast-featured-img":"disabled","footer-sml-layout":"","theme-transparent-header-meta":"","adv-header-id-meta":"","stick-header-meta":"","header-above-stick-meta":"","header-main-stick-meta":"","header-below-stick-meta":"","astra-migrate-meta-layouts":"default","ast-page-background-enabled":"default","ast-page-background-meta":{"desktop":{"background-color":"var(--ast-global-color-5)","background-image":"","background-repeat":"repeat","background-position":"center center","background-size":"auto","background-attachment":"scroll","background-type":"","background-media":"","overlay-type":"","overlay-color":"","overlay-opacity":"","overlay-gradient":""},"tablet":{"background-color":"","background-image":"","background-repeat":"repeat","background-position":"center center","background-size":"auto","background-attachment":"scroll","background-type":"","background-media":"","overlay-type":"","overlay-color":"","overlay-opacity":"","overlay-gradient":""},"mobile":{"background-color":"","background-image":"","background-repeat":"repeat","background-position":"center center","background-size":"auto","background-attachment":"scroll","background-type":"","background-media":"","overlay-type":"","overlay-color":"","overlay-opacity":"","overlay-gradient":""}},"ast-content-background-meta":{"desktop":{"background-color":"var(--ast-global-color-4)","background-image":"","background-repeat":"repeat","background-position":"center center","background-size":"auto","background-attachment":"scroll","background-type":"","background-media":"","overlay-type":"","overlay-color":"","overlay-opacity":"","overlay-gradient":""},"tablet":{"background-color":"var(--ast-global-color-4)","background-image":"","background-repeat":"repeat","background-position":"center center","background-size":"auto","background-attachment":"scroll","background-type":"","background-media":"","overlay-type":"","overlay-color":"","overlay-opacity":"","overlay-gradient":""},"mobile":{"background-color":"var(--ast-global-color-4)","background-image":"","background-repeat":"repeat","background-position":"center center","background-size":"auto","background-attachment":"scroll","background-type":"","background-media":"","overlay-type":"","overlay-color":"","overlay-opacity":"","overlay-gradient":""}},"footnotes":""},"class_list":["post-21","page","type-page","status-publish","hentry"],"acf":[],"_links":{"self":[{"href":"https:\/\/www.kebek.be\/fr\/wp-json\/wp\/v2\/pages\/21","targetHints":{"allow":["GET"]}}],"collection":[{"href":"https:\/\/www.kebek.be\/fr\/wp-json\/wp\/v2\/pages"}],"about":[{"href":"https:\/\/www.kebek.be\/fr\/wp-json\/wp\/v2\/types\/page"}],"author":[{"embeddable":true,"href":"https:\/\/www.kebek.be\/fr\/wp-json\/wp\/v2\/users\/2"}],"replies":[{"embeddable":true,"href":"https:\/\/www.kebek.be\/fr\/wp-json\/wp\/v2\/comments?post=21"}],"version-history":[{"count":44,"href":"https:\/\/www.kebek.be\/fr\/wp-json\/wp\/v2\/pages\/21\/revisions"}],"predecessor-version":[{"id":1911,"href":"https:\/\/www.kebek.be\/fr\/wp-json\/wp\/v2\/pages\/21\/revisions\/1911"}],"wp:attachment":[{"href":"https:\/\/www.kebek.be\/fr\/wp-json\/wp\/v2\/media?parent=21"}],"curies":[{"name":"wp","href":"https:\/\/api.w.org\/{rel}","templated":true}]}}